{"id":14905,"date":"2020-09-09T18:34:46","date_gmt":"2020-09-09T18:34:46","guid":{"rendered":"http:\/\/www.mindfulnvc.pl\/?page_id=14905"},"modified":"2021-12-10T20:34:23","modified_gmt":"2021-12-10T20:34:23","slug":"gra","status":"publish","type":"page","link":"http:\/\/www.mindfulnvc.pl\/index.php\/gra\/","title":{"rendered":"Gra"},"content":{"rendered":"<p>[vc_row css=&#8221;.vc_custom_1602784143125{padding-top: 80px !important;}&#8221;][vc_column width=&#8221;1\/12&#8243;][\/vc_column][vc_column width=&#8221;1\/2&#8243;][dpr_heading type=&#8221;type-01&#8243; use_separator=&#8221;yes&#8221; line_height=&#8221;3&#8243; line_color=&#8221;#00a098&#8243;]Czym jest gra &#8221; Strefa Porozumienia&#8221;?[\/dpr_heading][vc_empty_space height=&#8221;40px&#8221;][vc_column_text]<b>Gra Strefa Porozumienia<\/b> jest gr\u0105 planszow\u0105 dla os\u00f3b, kt\u00f3re chc\u0105 si\u0119 dogada\u0107 i przyjrze\u0107 wyzwaniom komunikacyjnym w \u017cyciu codziennym w domu, w szkole i w pracy.\u00a0To proste narz\u0119dzie dialogowe, kt\u00f3re wzmacnia umiej\u0119tno\u015bci komunikacyjne, uczy rozwi\u0105zywania konflikt\u00f3w i szukania rozwi\u0105za\u0144 buduj\u0105cych kontakt.<\/p>\n<p><b>Gra Strefa Porozumienia<\/b>\u00a0krok po kroku poprowadzi ci\u0119 do g\u0142\u0119bszego zrozumienia siebie i drugiej osoby, waszych intencji, potrzeb i pomo\u017ce wam znale\u017a\u0107 wsp\u00f3lne, uwzgl\u0119dniaj\u0105ce ka\u017cdego, rozwi\u0105zania. Sprawi, \u017ce tematy, kt\u00f3rych unikasz stan\u0105 si\u0119 prostsze.[\/vc_column_text][\/vc_column][vc_column width=&#8221;5\/12&#8243;][vc_single_image image=&#8221;16491&#8243; img_size=&#8221;full&#8221; alignment=&#8221;center&#8221; css_animation=&#8221;fadeInUp&#8221;][\/vc_column][\/vc_row][vc_row css=&#8221;.vc_custom_1602784143125{padding-top: 80px !important;}&#8221;][vc_column width=&#8221;1\/12&#8243;][\/vc_column][vc_column width=&#8221;11\/12&#8243;][vc_column_text]<b>Gra Strefa Porozumienia<\/b>\u00a0wspiera twoje umiej\u0119tno\u015bci w zakresie:<\/p>\n<ul>\n<li style=\"list-style-type: none;\">\n<ul>\n<li>rozumienia samego siebie,<\/li>\n<li>podejmowania trudnych wybor\u00f3w<\/li>\n<li>prowadzenia trudnych rozm\u00f3w<\/li>\n<li>docierania do \u017ar\u00f3d\u0142a nieporozumie\u0144 i konfliktu,<\/li>\n<li>rozwi\u0105zywania konflikt\u00f3w i dochodzenia do wspieraj\u0105cych relacj\u0119 rozwi\u0105za\u0144<\/li>\n<li>utrwalania i praktykowania Nonviolent Communication<\/li>\n<li>budowania konstruktywnej komunikacji w rodzinie i pracy<\/li>\n<li>eksplorowania w\u0142asnych pomys\u0142\u00f3w i zabawy w celu poprawy komunikacji w ciekawy i zabawny spos\u00f3b<\/li>\n<\/ul>\n<\/li>\n<\/ul>\n<p>Odpowiednia dla ka\u017cdego, kto chce wzmocnienia relacji na linii:<\/p>\n<ul>\n<li style=\"list-style-type: none;\">\n<ul>\n<li>rodzice i dzieci<\/li>\n<li>rodze\u0144stwo,<\/li>\n<li>ma\u0142\u017conkowie, partnerzy<\/li>\n<li>szko\u0142a \u2013 uczniowie, cz\u0142onkowie dru\u017cyn, grup roboczych,<\/li>\n<li>biznes \u2013 kontrahenci, wsp\u00f3\u0142pracownicy<\/li>\n<\/ul>\n<\/li>\n<\/ul>\n<p>W gr\u0119 graj\u0105 2 osoby. Ka\u017cdy z graczy ma do dyspozycji plansz\u0119 i karty, kt\u00f3re odkrywaj\u0105 kolejne kroki konstruktywnej komunikacji i pomagaj\u0105 odnale\u017a\u0107 spos\u00f3b na wzajemne zrozumienie.<\/p>\n<p>Plansza jest r\u00f3wnie\u017c \u015bwietnym narz\u0119dziem do autorefleksji i pracy z sob\u0105 samym.<\/p>\n<p>Zakres wiekowy 5-95 lat.<\/p>\n<p>&nbsp;<\/p>\n<h5>Wi\u0119cej informacji na temat gry znajdziesz tu:<\/h5>\n<p><a href=\"http:\/\/thenofaultzone.com\/the_no-fault_zone.html\" target=\"_blank\" rel=\"noopener noreferrer\">www.thenofaultzone.com<\/a><\/p>\n<p><a href=\"http:\/\/gra-strefaporozumienia.pl\/\" target=\"_blank\" rel=\"noopener noreferrer\">www.gra-strefaporozumienia.pl<\/a>[\/vc_column_text][vc_empty_space height=&#8221;30px&#8221;][vc_column_text]<\/p>\n<h5>Gr\u0119 mo\u017cesz zakupi\u0107 tutaj:<\/h5>\n<p><a href=\"https:\/\/sklep.bocznedrogi.org\/product-pol-1175-Gra-Strefa-Porozumienia-org-The-No-Fault-Zone.html\">https:\/\/sklep.bocznedrogi.org\/product-pol-1175-Gra-Strefa-Porozumienia-org-The-No-Fault-Zone.html<\/a>[\/vc_column_text][vc_empty_space height=&#8221;80px&#8221;][\/vc_column][\/vc_row][vc_row css=&#8221;.vc_custom_1602685996294{padding-top: 20px !important;padding-bottom: 20px !important;background-color: #f2f3f4 !important;}&#8221;][vc_column width=&#8221;1\/2&#8243; css=&#8221;.vc_custom_1602685800680{margin-top: 0px !important;border-top-width: 0px !important;padding-top: 0px !important;padding-right: 60px !important;padding-left: 60px !important;}&#8221;][vc_empty_space height=&#8221;50px&#8221;][vc_column_text]<\/p>\n<h4 style=\"text-align: center;\">Opinie uczestnik\u00f3w gry :<\/h4>\n<p>[\/vc_column_text][vc_empty_space height=&#8221;50px&#8221;][vc_single_image image=&#8221;15877&#8243; img_size=&#8221;full&#8221; alignment=&#8221;center&#8221;][vc_empty_space height=&#8221;40px&#8221;][dpr_testimonial_carousel image_position=&#8221;image-bellow&#8221; testimonials=&#8221;%5B%7B%22title%22%3A%22Uczestnik%2001%22%2C%22subtitle%22%3A%22Gra%20%5C%22Strefa%20Porozumienia%5C%22%22%2C%22description%22%3A%22%5C%22Mam%20poczucie%20bardzo%20dobrze%20sp%C4%99dzonego%20czasu%2C%20dobrze%20si%C4%99%20bawi%C5%82am%2C%20i%20w%20konflikcie%20uczucie%20wczucia%20si%C4%99%20w%20drug%C4%85%20osob%C4%99%2C%20inspiruj%C4%85ce%20do%C5%9Bwiadczenie.%5C%22%22%7D%2C%7B%22title%22%3A%22Uczestnik%2002%22%2C%22subtitle%22%3A%22Gra%20%5C%22Strefa%20Porozumienia%5C%22%22%2C%22description%22%3A%22%5C%22Krok%20po%20kroku%20prowadzi%20do%20wi%C4%99kszego%20zrozumienia%20bez%20konieczno%C5%9Bci%20znajomo%C5%9Bci%20teorii.%5C%22%22%7D%2C%7B%22title%22%3A%22Uczestnik%2003%22%2C%22subtitle%22%3A%22Gra%20%5C%22Strefa%20Porozumienia%5C%22%22%2C%22description%22%3A%22%5C%22Fajne%20narz%C4%99dzie%20do%20praktykowania%20empatii%20dla%20siebie.%5C%22%22%7D%2C%7B%22title%22%3A%22Uczestnik%2004%22%2C%22subtitle%22%3A%22Gra%20%5C%22Strefa%20Porozumienia%5C%22%22%2C%22description%22%3A%22%5C%22Ta%20gra%20jest%20bardzo%20delikatna%20ale%20daje%20g%C5%82%C4%99boki%20efekt%2C%20nieinwazyjna.%5C%22%22%7D%2C%7B%22title%22%3A%22Uczestnik%2005%22%2C%22subtitle%22%3A%22Gra%20%5C%22Strefa%20Porozumienia%5C%22%22%2C%22description%22%3A%22%5C%22Niewinne%20ale%20potem%20zaczyna%20si%C4%99%20dzia%C4%87%2C%20zaskoczy%C5%82a%20mnie%20jej%20przejrzysto%C5%9B%C4%87%20i%20prostota%2C%20g%C5%82%C4%99bokie%20zarazem%2C%20nie%20da%20si%C4%99%20pope%C5%82ni%C4%87%20b%C5%82%C4%99d%C3%B3w%20bo%20wszystko%20jest%20nazwane.%5C%22%22%7D%2C%7B%22title%22%3A%22Uczestnik%2006%22%2C%22subtitle%22%3A%22Gra%20%5C%22Strefa%20Porozumienia%5C%22%22%2C%22description%22%3A%22Odkrywcze%20jak%20postawienie%20si%C4%99%20w%20roli%20drugiej%20osoby%20daje%20jasno%C5%9B%C4%87%2C%20wyja%C5%9Bnia%20i%20daje%20zrozumienie%20i%20ulg%C4%99.%22%7D%2C%7B%22title%22%3A%22Uczestnik%2007%22%2C%22subtitle%22%3A%22Gra%20%5C%22Strefa%20Porozumienia%5C%22%22%2C%22description%22%3A%22Gra%20kt%C3%B3ra%20dzia%C5%82a%20nie%20tylko%20w%20przestrzeni%20grania%20ale%20buduje%20szerszy%2C%20wi%C4%99kszy%20obraz%20sytuacji.%22%7D%2C%7B%22title%22%3A%22Uczestnik%2008%22%2C%22subtitle%22%3A%22Gra%20%5C%22Strefa%20Porozumienia%5C%22%22%2C%22description%22%3A%22Fajnie%20%C5%BCe%20jest%20dodatkowe%20narz%C4%99dzie%2C%20kt%C3%B3re%20wprowadza%20NVC%20bez%20teorii.%22%7D%2C%7B%22title%22%3A%22Uczestnik%2009%22%2C%22subtitle%22%3A%22Gra%20%5C%22Strefa%20Porozumienia%5C%22%22%2C%22description%22%3A%22Bardzo%20wa%C5%BCne%20dla%20mnie%20do%C5%9Bwiadczenie%2C%20dzi%C4%99kuj%C4%99%20za%20ten%20czas%2C%20ludzi%20z%20kt%C3%B3rymi%20mog%C5%82am%20si%C4%99%20spotka%C4%87%20po%20raz%20pierwszy%20i%20kolejny%2C%20za%20bycie%20widzian%C4%85%20i%20s%C5%82yszan%C4%85%20tak%20jak%20lubi%C4%99.%22%7D%2C%7B%22title%22%3A%22Uczestnik%2010%22%2C%22subtitle%22%3A%22Gra%20%5C%22Strefa%20Porozumienia%5C%22%22%2C%22description%22%3A%22Polecam%2C%20gram%20i%20dzia%C5%82a%22%7D%5D&#8221; image_shadow=&#8221;d6|#000000||||0|box-shadow: 0 3px 5px -1px rgba(0, 0, 0, 0.2),0 6px 10px rgba(0, 0, 0, 0.14),0 1px 18px rgba(0, 0, 0, 0.12)&#8221; content_font_style=&#8221;italic&#8221; layout=&#8221;layout-1&#8243; enable_shadow=&#8221;yes&#8221; draggable=&#8221;yes&#8221; touchable=&#8221;yes&#8221; autoplay=&#8221;yes&#8221; title_font_size=&#8221;13&#8243; subtitle_font_size=&#8221;13&#8243; content_font_size=&#8221;18&#8243; title_line_height=&#8221;30&#8243;][vc_empty_space height=&#8221;40px&#8221;][\/vc_column][vc_column width=&#8221;1\/2&#8243; css=&#8221;.vc_custom_1602685785535{margin-top: 0px !important;border-top-width: 0px !important;padding-top: 0px !important;}&#8221;][vc_single_image image=&#8221;15918&#8243; img_size=&#8221;full&#8221; alignment=&#8221;center&#8221; css=&#8221;.vc_custom_1602685793244{margin-top: 0px !important;border-top-width: 0px !important;padding-top: 0px !important;}&#8221;][\/vc_column][\/vc_row]<\/p>\n","protected":false},"excerpt":{"rendered":"<p>[vc_row css=&#8221;.vc_custom_1602784143125{padding-top: 80px !important;}&#8221;][vc_column width=&#8221;1\/12&#8243;][\/vc_column][vc_column width=&#8221;1\/2&#8243;][dpr_heading type=&#8221;type-01&#8243; use_separator=&#8221;yes&#8221; line_height=&#8221;3&#8243; line_color=&#8221;#00a098&#8243;]Czym jest gra &#8221; Strefa Porozumienia&#8221;?[\/dpr_heading][vc_empty_space height=&#8221;40px&#8221;][vc_column_text]Gra Strefa Porozumienia jest gr\u0105 planszow\u0105 dla os\u00f3b, kt\u00f3re chc\u0105 si\u0119 dogada\u0107 i przyjrze\u0107 wyzwaniom komunikacyjnym w \u017cyciu codziennym w domu, w szkole i w pracy.\u00a0To proste narz\u0119dzie dialogowe, kt\u00f3re wzmacnia umiej\u0119tno\u015bci komunikacyjne, uczy rozwi\u0105zywania konflikt\u00f3w i szukania rozwi\u0105za\u0144 buduj\u0105cych [&hellip;]<\/p>\n","protected":false},"author":2,"featured_media":0,"parent":0,"menu_order":0,"comment_status":"closed","ping_status":"closed","template":"page-templates\/vc-page.php","meta":{"footnotes":""},"class_list":["post-14905","page","type-page","status-publish","hentry","entry"],"_links":{"self":[{"href":"http:\/\/www.mindfulnvc.pl\/index.php\/wp-json\/wp\/v2\/pages\/14905","targetHints":{"allow":["GET"]}}],"collection":[{"href":"http:\/\/www.mindfulnvc.pl\/index.php\/wp-json\/wp\/v2\/pages"}],"about":[{"href":"http:\/\/www.mindfulnvc.pl\/index.php\/wp-json\/wp\/v2\/types\/page"}],"author":[{"embeddable":true,"href":"http:\/\/www.mindfulnvc.pl\/index.php\/wp-json\/wp\/v2\/users\/2"}],"replies":[{"embeddable":true,"href":"http:\/\/www.mindfulnvc.pl\/index.php\/wp-json\/wp\/v2\/comments?post=14905"}],"version-history":[{"count":24,"href":"http:\/\/www.mindfulnvc.pl\/index.php\/wp-json\/wp\/v2\/pages\/14905\/revisions"}],"predecessor-version":[{"id":16494,"href":"http:\/\/www.mindfulnvc.pl\/index.php\/wp-json\/wp\/v2\/pages\/14905\/revisions\/16494"}],"wp:attachment":[{"href":"http:\/\/www.mindfulnvc.pl\/index.php\/wp-json\/wp\/v2\/media?parent=14905"}],"curies":[{"name":"wp","href":"https:\/\/api.w.org\/{rel}","templated":true}]}}